{"id":3945,"date":"2024-01-31T09:53:01","date_gmt":"2024-01-31T08:53:01","guid":{"rendered":"https:\/\/chalet-porlezza-italia.com\/informativa-sui-cookie\/"},"modified":"2024-01-31T09:53:01","modified_gmt":"2024-01-31T08:53:01","slug":"informativa-sui-cookie","status":"publish","type":"page","link":"https:\/\/chalet-porlezza-italia.com\/it\/informativa-sui-cookie\/","title":{"rendered":"Informativa sui cookie"},"content":{"rendered":"\n<!-- Legal document generated by Complianz | GDPR\/CCPA Cookie Consent https:\/\/wordpress.org\/plugins\/complianz-gdpr -->\n<div id=\"cmplz-document\" class=\"cmplz-document cookie-statement cmplz-document-eu\"><p><i>La presente Informativa sui cookie \u00e8 stata aggiornata l'ultima volta il 19\/06\/2025 e si applica ai cittadini e ai residenti permanenti legali dello Spazio economico europeo e della Svizzera.<\/i><br><\/p><h2>1. Introduzione<\/h2><p>Il nostro sito web, <a href=\"https:\/\/chalet-porlezza-italia.com\/it\/\">https:\/\/chalet-porlezza-italia.com\/it\/<\/a> (di seguito: \"il sito web\") utilizza i cookie e altre tecnologie correlate (per comodit\u00e0 tutte le tecnologie sono definite \"cookie\"). I cookie vengono anche inseriti da terze parti che abbiamo ingaggiato. Nel documento sottostante ti informiamo sull'uso dei cookie sul nostro sito web.<\/p><h2>2. Cosa sono i biscotti?<\/h2><p>Un cookie \u00e8 un piccolo e semplice file che viene inviato insieme alle pagine di questo sito web e memorizzato dal vostro browser sul disco rigido del vostro computer o di un altro dispositivo. Le informazioni in esso memorizzate possono essere rinviate ai nostri server o ai server delle terze parti interessate durante una visita successiva. <\/p><h2>3. Cosa sono gli script?<\/h2><p>Uno script \u00e8 un pezzo di codice di programma che viene utilizzato per far funzionare il nostro sito web in modo corretto e interattivo. Questo codice viene eseguito sul nostro server o sul vostro dispositivo. <\/p><h2>4. Che cos&#039;\u00e8 un web beacon?<\/h2><p>Un web beacon (o pixel tag) \u00e8 una piccola parte invisibile di testo o immagine presente su un sito web, utilizzata per monitorare il traffico su un sito. A tal fine, i web beacon memorizzano diversi dati relativi all'utente. <\/p><h2>5. Cookie<\/h2><p class=\"cmplz-subtitle\">5.1 Cookie tecnici o funzionali<\/p><p>Alcuni cookie garantiscono il corretto funzionamento di alcune parti del sito web e la conoscenza delle preferenze dell'utente. Inserendo i cookie funzionali, vi facilitiamo la visita al nostro sito web. In questo modo, non \u00e8 necessario inserire ripetutamente le stesse informazioni quando si visita il nostro sito e, ad esempio, gli articoli rimangono nel carrello fino al momento del pagamento. Possiamo inserire questi cookie senza il vostro consenso.   <\/p><p class=\"cmplz-subtitle\">5.2 Cookie statistici<\/p><p>Utilizziamo i cookie statistici per ottimizzare l'esperienza del sito web per i nostri utenti. Con questi cookie statistici otteniamo approfondimenti sull'uso del nostro sito web.&nbsp;Chiediamo il tuo permesso per piazzare cookie statistici.<\/p><h2>6. Cookie inseriti<\/h2><div id=\"cmplz-cookies-overview\"><details class=\"cmplz-dropdown cmplz-service-desc cmplz-dropdown-cookiepolicy \">\n\t<summary class=\"cmplz-service-header\"><div>\n\t\t<h3>WordPress<\/h3>\n\t\t<p>Functional<\/p>\n\t\t<label for=\"cmplz_service_wordpress\" class=\"cmplz_consent_per_service_label\"><span class=\"screen-reader-text\">Consent to service wordpress<\/span><\/label>\n\t\t<input type=\"checkbox\" id=\"cmplz_service_wordpress\" class=\"cmplz-accept-service cmplz-hidden\" data-service=\"wordpress\" data-category=\"functional\"><\/div>\n\t<\/summary>\n\t<div class=\"cmplz-service-description\">\n\t\t<h4>Utilizzo<\/h4>\n\t\t<p><\/p>\n\t<\/div>\n\t<div class=\"cmplz-sharing-data\">\n\t\t<h4>Condivisione dei dati<\/h4>\n\t\t<p>Questi dati non vengono condivisi con terzi.<\/p>\n\t<\/div>\n\t<div class=\"cookies-per-purpose\">\n    <div class=\"purpose\"><h4>Functional<\/h4><\/div>\n    <div class=\"name-header\">\n\t<h5>Nome<\/h5>\n<\/div>\n<div class=\"name\"><a target=\"_blank\" rel=\"noopener noreferrer nofollow\" href=\"https:\/\/cookiedatabase.org\/cookie\/unknown-service\/wpemojisettingssupports\/\">wpEmojiSettingsSupports<\/a><\/div>\n<div class=\"retention-header\">\n\t<h5>Scadenza<\/h5>\n<\/div>\n<div class=\"retention\">session<\/div>\n<div class=\"function-header\">\n\t<h5>Funzione<\/h5>\n<\/div>\n<div class=\"function\">Store browser details<\/div>\n<div class=\"name-header\">\n\t<h5>Nome<\/h5>\n<\/div>\n<div class=\"name\"><a target=\"_blank\" rel=\"noopener noreferrer nofollow\" href=\"https:\/\/cookiedatabase.org\/cookie\/unknown-service\/wordpress_test_cookie\/\">wordpress_test_cookie<\/a><\/div>\n<div class=\"retention-header\">\n\t<h5>Scadenza<\/h5>\n<\/div>\n<div class=\"retention\">session<\/div>\n<div class=\"function-header\">\n\t<h5>Funzione<\/h5>\n<\/div>\n<div class=\"function\">Read if cookies can be placed<\/div>\n<div class=\"name-header\">\n\t<h5>Nome<\/h5>\n<\/div>\n<div class=\"name\"><a target=\"_blank\" rel=\"noopener noreferrer nofollow\" href=\"https:\/\/cookiedatabase.org\/cookie\/unknown-service\/wp-settings-time\/\">wp-settings-time-*<\/a><\/div>\n<div class=\"retention-header\">\n\t<h5>Scadenza<\/h5>\n<\/div>\n<div class=\"retention\">1 year<\/div>\n<div class=\"function-header\">\n\t<h5>Funzione<\/h5>\n<\/div>\n<div class=\"function\">Store user preferences<\/div>\n<div class=\"name-header\">\n\t<h5>Nome<\/h5>\n<\/div>\n<div class=\"name\"><a target=\"_blank\" rel=\"noopener noreferrer nofollow\" href=\"https:\/\/cookiedatabase.org\/cookie\/unknown-service\/wordpress_logged_in_\/\">wordpress_logged_in_*<\/a><\/div>\n<div class=\"retention-header\">\n\t<h5>Scadenza<\/h5>\n<\/div>\n<div class=\"retention\">persistent<\/div>\n<div class=\"function-header\">\n\t<h5>Funzione<\/h5>\n<\/div>\n<div class=\"function\">Store logged in users<\/div>\n\n<\/div>\n<\/details>\n<details class=\"cmplz-dropdown cmplz-service-desc cmplz-dropdown-cookiepolicy \">\n\t<summary class=\"cmplz-service-header\"><div>\n\t\t<h3>Elementor<\/h3>\n\t\t<p>Statistics (anonymous)<\/p>\n\t\t<label for=\"cmplz_service_elementor\" class=\"cmplz_consent_per_service_label\"><span class=\"screen-reader-text\">Consent to service elementor<\/span><\/label>\n\t\t<input type=\"checkbox\" id=\"cmplz_service_elementor\" class=\"cmplz-accept-service cmplz-hidden\" data-service=\"elementor\" data-category=\"functional\"><\/div>\n\t<\/summary>\n\t<div class=\"cmplz-service-description\">\n\t\t<h4>Utilizzo<\/h4>\n\t\t<p><\/p>\n\t<\/div>\n\t<div class=\"cmplz-sharing-data\">\n\t\t<h4>Condivisione dei dati<\/h4>\n\t\t<p>Questi dati non vengono condivisi con terzi.<\/p>\n\t<\/div>\n\t<div class=\"cookies-per-purpose\">\n    <div class=\"purpose\"><h4>Statistics (anonymous)<\/h4><\/div>\n    <div class=\"name-header\">\n\t<h5>Nome<\/h5>\n<\/div>\n<div class=\"name\"><a target=\"_blank\" rel=\"noopener noreferrer nofollow\" href=\"https:\/\/cookiedatabase.org\/cookie\/unknown-service\/elementor\/\">elementor<\/a><\/div>\n<div class=\"retention-header\">\n\t<h5>Scadenza<\/h5>\n<\/div>\n<div class=\"retention\">persistent<\/div>\n<div class=\"function-header\">\n\t<h5>Funzione<\/h5>\n<\/div>\n<div class=\"function\">Store performed actions on the website<\/div>\n\n<\/div>\n<\/details>\n<details class=\"cmplz-dropdown cmplz-service-desc cmplz-dropdown-cookiepolicy \">\n\t<summary class=\"cmplz-service-header\"><div>\n\t\t<h3>Google Fonts<\/h3>\n\t\t<p>Marketing<\/p>\n\t\t<label for=\"cmplz_service_google-fonts\" class=\"cmplz_consent_per_service_label\"><span class=\"screen-reader-text\">Consent to service google-fonts<\/span><\/label>\n\t\t<input type=\"checkbox\" id=\"cmplz_service_google-fonts\" class=\"cmplz-accept-service cmplz-hidden\" data-service=\"google-fonts\" data-category=\"functional\"><\/div>\n\t<\/summary>\n\t<div class=\"cmplz-service-description\">\n\t\t<h4>Utilizzo<\/h4>\n\t\t<p><\/p>\n\t<\/div>\n\t<div class=\"cmplz-sharing-data\">\n\t\t<h4>Condivisione dei dati<\/h4>\n\t\t<p>Questi dati non vengono condivisi con terzi.<\/p>\n\t<\/div>\n\t<div class=\"cookies-per-purpose\">\n    <div class=\"purpose\"><h4>Marketing<\/h4><\/div>\n    <div class=\"name-header\">\n\t<h5>Nome<\/h5>\n<\/div>\n<div class=\"name\"><a target=\"_blank\" rel=\"noopener noreferrer nofollow\" href=\"https:\/\/cookiedatabase.org\/cookie\/unknown-service\/tcb_google_fonts\/\">Google Fonts API<\/a><\/div>\n<div class=\"retention-header\">\n\t<h5>Scadenza<\/h5>\n<\/div>\n<div class=\"retention\">expires immediately<\/div>\n<div class=\"function-header\">\n\t<h5>Funzione<\/h5>\n<\/div>\n<div class=\"function\">Read user IP address<\/div>\n\n<\/div>\n<\/details>\n<details class=\"cmplz-dropdown cmplz-service-desc cmplz-dropdown-cookiepolicy \">\n\t<summary class=\"cmplz-service-header\"><div>\n\t\t<h3>Google reCAPTCHA<\/h3>\n\t\t<p>Marketing, Functional<\/p>\n\t\t<label for=\"cmplz_service_google-recaptcha\" class=\"cmplz_consent_per_service_label\"><span class=\"screen-reader-text\">Consent to service google-recaptcha<\/span><\/label>\n\t\t<input type=\"checkbox\" id=\"cmplz_service_google-recaptcha\" class=\"cmplz-accept-service cmplz-hidden\" data-service=\"google-recaptcha\" data-category=\"functional\"><\/div>\n\t<\/summary>\n\t<div class=\"cmplz-service-description\">\n\t\t<h4>Utilizzo<\/h4>\n\t\t<p><\/p>\n\t<\/div>\n\t<div class=\"cmplz-sharing-data\">\n\t\t<h4>Condivisione dei dati<\/h4>\n\t\t<p>Questi dati non vengono condivisi con terzi.<\/p>\n\t<\/div>\n\t<div class=\"cookies-per-purpose\">\n    <div class=\"purpose\"><h4>Marketing<\/h4><\/div>\n    <div class=\"name-header\">\n\t<h5>Nome<\/h5>\n<\/div>\n<div class=\"name\"><a target=\"_blank\" rel=\"noopener noreferrer nofollow\" href=\"https:\/\/cookiedatabase.org\/cookie\/unknown-service\/rcc\/\">rc::c<\/a><\/div>\n<div class=\"retention-header\">\n\t<h5>Scadenza<\/h5>\n<\/div>\n<div class=\"retention\">session<\/div>\n<div class=\"function-header\">\n\t<h5>Funzione<\/h5>\n<\/div>\n<div class=\"function\">Read and filter requests from bots<\/div>\n<div class=\"name-header\">\n\t<h5>Nome<\/h5>\n<\/div>\n<div class=\"name\"><a target=\"_blank\" rel=\"noopener noreferrer nofollow\" href=\"https:\/\/cookiedatabase.org\/cookie\/unknown-service\/rcb\/\">rc::b<\/a><\/div>\n<div class=\"retention-header\">\n\t<h5>Scadenza<\/h5>\n<\/div>\n<div class=\"retention\">session<\/div>\n<div class=\"function-header\">\n\t<h5>Funzione<\/h5>\n<\/div>\n<div class=\"function\">Read and filter requests from bots<\/div>\n<div class=\"name-header\">\n\t<h5>Nome<\/h5>\n<\/div>\n<div class=\"name\"><a target=\"_blank\" rel=\"noopener noreferrer nofollow\" href=\"https:\/\/cookiedatabase.org\/cookie\/unknown-service\/rca\/\">rc::a<\/a><\/div>\n<div class=\"retention-header\">\n\t<h5>Scadenza<\/h5>\n<\/div>\n<div class=\"retention\">persistent<\/div>\n<div class=\"function-header\">\n\t<h5>Funzione<\/h5>\n<\/div>\n<div class=\"function\">Read and filter requests from bots<\/div>\n\n<\/div><div class=\"cookies-per-purpose\">\n    <div class=\"purpose\"><h4>Functional<\/h4><\/div>\n    <div class=\"name-header\">\n\t<h5>Nome<\/h5>\n<\/div>\n<div class=\"name\"><a target=\"_blank\" rel=\"noopener noreferrer nofollow\" href=\"https:\/\/cookiedatabase.org\/cookie\/unknown-service\/_grecaptcha\/\">_grecaptcha<\/a><\/div>\n<div class=\"retention-header\">\n\t<h5>Scadenza<\/h5>\n<\/div>\n<div class=\"retention\">6 months<\/div>\n<div class=\"function-header\">\n\t<h5>Funzione<\/h5>\n<\/div>\n<div class=\"function\">Provide spam protection<\/div>\n\n<\/div>\n<\/details>\n<details class=\"cmplz-dropdown cmplz-service-desc cmplz-dropdown-cookiepolicy \">\n\t<summary class=\"cmplz-service-header\"><div>\n\t\t<h3>LiteSpeed<\/h3>\n\t\t<p>Functional<\/p>\n\t\t<label for=\"cmplz_service_litespeed\" class=\"cmplz_consent_per_service_label\"><span class=\"screen-reader-text\">Consent to service litespeed<\/span><\/label>\n\t\t<input type=\"checkbox\" id=\"cmplz_service_litespeed\" class=\"cmplz-accept-service cmplz-hidden\" data-service=\"litespeed\" data-category=\"functional\"><\/div>\n\t<\/summary>\n\t<div class=\"cmplz-service-description\">\n\t\t<h4>Utilizzo<\/h4>\n\t\t<p><\/p>\n\t<\/div>\n\t<div class=\"cmplz-sharing-data\">\n\t\t<h4>Condivisione dei dati<\/h4>\n\t\t<p>Questi dati non vengono condivisi con terzi.<\/p>\n\t<\/div>\n\t<div class=\"cookies-per-purpose\">\n    <div class=\"purpose\"><h4>Functional<\/h4><\/div>\n    <div class=\"name-header\">\n\t<h5>Nome<\/h5>\n<\/div>\n<div class=\"name\"><a target=\"_blank\" rel=\"noopener noreferrer nofollow\" href=\"https:\/\/cookiedatabase.org\/cookie\/unknown-service\/_lscache_vary\/\">_lscache_vary<\/a><\/div>\n<div class=\"retention-header\">\n\t<h5>Scadenza<\/h5>\n<\/div>\n<div class=\"retention\">2 days<\/div>\n<div class=\"function-header\">\n\t<h5>Funzione<\/h5>\n<\/div>\n<div class=\"function\">Provide the prevention of cached pages<\/div>\n\n<\/div>\n<\/details>\n<details class=\"cmplz-dropdown cmplz-service-desc cmplz-dropdown-cookiepolicy \">\n\t<summary class=\"cmplz-service-header\"><div>\n\t\t<h3>Varie<\/h3>\n\t\t<p>Functional<\/p>\n\t\t<label for=\"cmplz_service_varie\" class=\"cmplz_consent_per_service_label\"><span class=\"screen-reader-text\">Consent to service varie<\/span><\/label>\n\t\t<input type=\"checkbox\" id=\"cmplz_service_varie\" class=\"cmplz-accept-service cmplz-hidden\" data-service=\"varie\" data-category=\"functional\"><\/div>\n\t<\/summary>\n\t<div class=\"cmplz-service-description\">\n\t\t<h4>Utilizzo<\/h4>\n\t\t<p><\/p>\n\t<\/div>\n\t<div class=\"cmplz-sharing-data\">\n\t\t<h4>Condivisione dei dati<\/h4>\n\t\t<p>La condivisione dei dati \u00e8 in attesa di indagine<\/p>\n\t<\/div>\n\t<div class=\"cookies-per-purpose\">\n    <div class=\"purpose\"><h4>Scopo in attesa di indagine<\/h4><\/div>\n    <div class=\"name-header\">\n\t<h5>Nome<\/h5>\n<\/div>\n<div class=\"name\">debug<\/div>\n<div class=\"retention-header\">\n\t<h5>Scadenza<\/h5>\n<\/div>\n<div class=\"retention\"><\/div>\n<div class=\"function-header\">\n\t<h5>Funzione<\/h5>\n<\/div>\n<div class=\"function\"><\/div>\n<div class=\"name-header\">\n\t<h5>Nome<\/h5>\n<\/div>\n<div class=\"name\">asenha_tab<\/div>\n<div class=\"retention-header\">\n\t<h5>Scadenza<\/h5>\n<\/div>\n<div class=\"retention\"><\/div>\n<div class=\"function-header\">\n\t<h5>Funzione<\/h5>\n<\/div>\n<div class=\"function\"><\/div>\n<div class=\"name-header\">\n\t<h5>Nome<\/h5>\n<\/div>\n<div class=\"name\">e_kit-elements-defaults<\/div>\n<div class=\"retention-header\">\n\t<h5>Scadenza<\/h5>\n<\/div>\n<div class=\"retention\"><\/div>\n<div class=\"function-header\">\n\t<h5>Funzione<\/h5>\n<\/div>\n<div class=\"function\"><\/div>\n<div class=\"name-header\">\n\t<h5>Nome<\/h5>\n<\/div>\n<div class=\"name\">interface-builder<\/div>\n<div class=\"retention-header\">\n\t<h5>Scadenza<\/h5>\n<\/div>\n<div class=\"retention\"><\/div>\n<div class=\"function-header\">\n\t<h5>Funzione<\/h5>\n<\/div>\n<div class=\"function\"><\/div>\n<div class=\"name-header\">\n\t<h5>Nome<\/h5>\n<\/div>\n<div class=\"name\">scribe_extension_state<\/div>\n<div class=\"retention-header\">\n\t<h5>Scadenza<\/h5>\n<\/div>\n<div class=\"retention\"><\/div>\n<div class=\"function-header\">\n\t<h5>Funzione<\/h5>\n<\/div>\n<div class=\"function\"><\/div>\n<div class=\"name-header\">\n\t<h5>Nome<\/h5>\n<\/div>\n<div class=\"name\">mp_150605b3b9f979922f2ac5a52e2dcfe9_mixpanel<\/div>\n<div class=\"retention-header\">\n\t<h5>Scadenza<\/h5>\n<\/div>\n<div class=\"retention\"><\/div>\n<div class=\"function-header\">\n\t<h5>Funzione<\/h5>\n<\/div>\n<div class=\"function\"><\/div>\n<div class=\"name-header\">\n\t<h5>Nome<\/h5>\n<\/div>\n<div class=\"name\">mp_gen_new_tab_id_mixpanel_150605b3b9f979922f2ac5a52e2dcfe9<\/div>\n<div class=\"retention-header\">\n\t<h5>Scadenza<\/h5>\n<\/div>\n<div class=\"retention\"><\/div>\n<div class=\"function-header\">\n\t<h5>Funzione<\/h5>\n<\/div>\n<div class=\"function\"><\/div>\n<div class=\"name-header\">\n\t<h5>Nome<\/h5>\n<\/div>\n<div class=\"name\">mp_tab_id_mixpanel_150605b3b9f979922f2ac5a52e2dcfe9<\/div>\n<div class=\"retention-header\">\n\t<h5>Scadenza<\/h5>\n<\/div>\n<div class=\"retention\"><\/div>\n<div class=\"function-header\">\n\t<h5>Funzione<\/h5>\n<\/div>\n<div class=\"function\"><\/div>\n<div class=\"name-header\">\n\t<h5>Nome<\/h5>\n<\/div>\n<div class=\"name\">wp-wpml_current_admin_language_d41d8cd98f00b204e9800998ecf8427e<\/div>\n<div class=\"retention-header\">\n\t<h5>Scadenza<\/h5>\n<\/div>\n<div class=\"retention\"><\/div>\n<div class=\"function-header\">\n\t<h5>Funzione<\/h5>\n<\/div>\n<div class=\"function\"><\/div>\n<div class=\"name-header\">\n\t<h5>Nome<\/h5>\n<\/div>\n<div class=\"name\">wp-wpml_current_language<\/div>\n<div class=\"retention-header\">\n\t<h5>Scadenza<\/h5>\n<\/div>\n<div class=\"retention\"><\/div>\n<div class=\"function-header\">\n\t<h5>Funzione<\/h5>\n<\/div>\n<div class=\"function\"><\/div>\n\n<\/div><div class=\"cookies-per-purpose\">\n    <div class=\"purpose\"><h4>Functional<\/h4><\/div>\n    <div class=\"name-header\">\n\t<h5>Nome<\/h5>\n<\/div>\n<div class=\"name\">cmplz_functional<\/div>\n<div class=\"retention-header\">\n\t<h5>Scadenza<\/h5>\n<\/div>\n<div class=\"retention\">365 giorni<\/div>\n<div class=\"function-header\">\n\t<h5>Funzione<\/h5>\n<\/div>\n<div class=\"function\">Store cookie consent preferences<\/div>\n<div class=\"name-header\">\n\t<h5>Nome<\/h5>\n<\/div>\n<div class=\"name\">cmplz_statistics<\/div>\n<div class=\"retention-header\">\n\t<h5>Scadenza<\/h5>\n<\/div>\n<div class=\"retention\">365 giorni<\/div>\n<div class=\"function-header\">\n\t<h5>Funzione<\/h5>\n<\/div>\n<div class=\"function\">Store cookie consent preferences<\/div>\n<div class=\"name-header\">\n\t<h5>Nome<\/h5>\n<\/div>\n<div class=\"name\">cmplz_preferences<\/div>\n<div class=\"retention-header\">\n\t<h5>Scadenza<\/h5>\n<\/div>\n<div class=\"retention\">365 giorni<\/div>\n<div class=\"function-header\">\n\t<h5>Funzione<\/h5>\n<\/div>\n<div class=\"function\">Store cookie consent preferences<\/div>\n<div class=\"name-header\">\n\t<h5>Nome<\/h5>\n<\/div>\n<div class=\"name\">cmplz_marketing<\/div>\n<div class=\"retention-header\">\n\t<h5>Scadenza<\/h5>\n<\/div>\n<div class=\"retention\">365 giorni<\/div>\n<div class=\"function-header\">\n\t<h5>Funzione<\/h5>\n<\/div>\n<div class=\"function\">Store cookie consent preferences<\/div>\n\n<\/div>\n<\/details>\n<\/div><h2>7. Consenso<\/h2><p>Quando visiti il sito web per la prima volta, noi mostreremo un popup con una spiegazione dei cookie. Appena clicchi su \"Voorkeuren opslaan\", dai il permesso a noi di usare le categorie di cookie e plugin come descritto in questa dichiarazione relativa ai popup e cookie. Puoi disabilitare i cookie attraverso il tuo browser, ma prendi in considerazione, che il nostro sito web potrebbe non funzionare pi\u00f9 correttamente.<\/p><p class=\"cmplz-subtitle\">7.1 Gestire le impostazioni del consenso<\/p><div id=\"cmplz-manage-consent-container-nojavascript\">Hai caricato la Cookie Policy senza supporto javascript.&nbsp;Su AMP, puoi usare il pulsante di gestione del consenso in fondo alla pagina.<\/div><div id=\"cmplz-manage-consent-container\" class=\"cmplz-manage-consent-container\"><\/div><h2>8. Abilitazione\/disabilitazione e cancellazione dei cookie<\/h2><p>\u00c8 possibile utilizzare il proprio browser Internet per eliminare automaticamente o manualmente i cookie. \u00c8 inoltre possibile specificare che determinati cookie non possono essere inseriti. Un'altra possibilit\u00e0 \u00e8 quella di modificare le impostazioni del browser Internet in modo da ricevere un messaggio ogni volta che viene inserito un cookie. Per ulteriori informazioni su queste opzioni, consultare le istruzioni nella sezione Aiuto del browser.   <\/p><p>Si prega di notare che il nostro sito web potrebbe non funzionare correttamente se tutti i cookie sono disabilitati. Se cancellate i cookie nel vostro browser, essi verranno nuovamente inseriti dopo il vostro consenso quando visiterete nuovamente il nostro sito web. <\/p><h2>9. I vostri diritti in materia di dati personali<\/h2><p>L'utente ha i seguenti diritti in relazione ai propri dati personali:<\/p><ul>\n                    <li>Avete il diritto di sapere perch\u00e9 i vostri dati personali sono necessari, che fine faranno e per quanto tempo saranno conservati.<\/li>\n                    <li>Diritto di accesso: L'utente ha il diritto di accedere ai propri dati personali di cui \u00e8 a conoscenza.<\/li>\n                    <li>Diritto di rettifica: avete il diritto di integrare, rettificare, far cancellare o bloccare i vostri dati personali ogni volta che lo desiderate.<\/li>\n                    <li>Se ci avete dato il consenso al trattamento dei vostri dati, avete il diritto di revocare tale consenso e di far cancellare i vostri dati personali.<\/li>\n                    <li>Diritto di trasferimento dei dati: l'utente ha il diritto di richiedere tutti i suoi dati personali al responsabile del trattamento e di trasferirli integralmente a un altro responsabile del trattamento.<\/li>\n                    <li>Diritto di opposizione: potete opporvi al trattamento dei vostri dati. Noi lo rispettiamo, a meno che non vi siano motivi giustificati per il trattamento. <\/li>\n                <\/ul><p>Per esercitare tali diritti, si prega di contattarci. Si prega di fare riferimento ai dettagli di contatto in fondo alla presente Informativa sui cookie. Se avete un reclamo sul modo in cui trattiamo i vostri dati, ci piacerebbe sentirvi, ma avete anche il diritto di presentare un reclamo all \u201cautorit\u00e0 di controllo (l\u201d Autorit\u00e0 per la protezione dei dati).  <\/p><h2>10. Dettagli di contatto<\/h2><p>Per domande e\/o commenti sulla nostra Politica sui cookie e sulla presente informativa, si prega di contattarci utilizzando i seguenti recapiti:<\/p><p><span class=\"cmplz-contact-organisation\"><\/span><br>\n                      <span class=\"cmplz-contact-address\"><\/span><br>\n                      <span class=\"cmplz-contact-country\">Paesi Bassi<\/span><br>\n                      <span class=\"cmplz-contact-domain\">Sito web: <a href=\"https:\/\/chalet-porlezza-italia.com\/it\/\">https:\/\/chalet-porlezza-italia.com\/it\/<\/a><\/span><br>\n                      <span class=\"cmplz-contact-email\">E-mail: <\/span><br>\n                    <span class=\"cmplz-contact-telephone\"><\/span><\/p><p>Questa Informativa sui cookie \u00e8 stata sincronizzata con <a href=\"https:\/\/cookiedatabase.org\/\" target=\"_blank\" rel=\"noopener\">cookiedatabase.org<\/a> il 18\/06\/2025.<\/p><\/div>\n","protected":false},"excerpt":{"rendered":"","protected":false},"author":3,"featured_media":0,"parent":0,"menu_order":0,"comment_status":"closed","ping_status":"closed","template":"","meta":{"footnotes":""},"class_list":["post-3945","page","type-page","status-publish","hentry"],"_links":{"self":[{"href":"https:\/\/chalet-porlezza-italia.com\/it\/wp-json\/wp\/v2\/pages\/3945","targetHints":{"allow":["GET"]}}],"collection":[{"href":"https:\/\/chalet-porlezza-italia.com\/it\/wp-json\/wp\/v2\/pages"}],"about":[{"href":"https:\/\/chalet-porlezza-italia.com\/it\/wp-json\/wp\/v2\/types\/page"}],"author":[{"embeddable":true,"href":"https:\/\/chalet-porlezza-italia.com\/it\/wp-json\/wp\/v2\/users\/3"}],"replies":[{"embeddable":true,"href":"https:\/\/chalet-porlezza-italia.com\/it\/wp-json\/wp\/v2\/comments?post=3945"}],"version-history":[{"count":0,"href":"https:\/\/chalet-porlezza-italia.com\/it\/wp-json\/wp\/v2\/pages\/3945\/revisions"}],"wp:attachment":[{"href":"https:\/\/chalet-porlezza-italia.com\/it\/wp-json\/wp\/v2\/media?parent=3945"}],"curies":[{"name":"wp","href":"https:\/\/api.w.org\/{rel}","templated":true}]}}